{"id":34,"date":"2022-12-16T11:51:45","date_gmt":"2022-12-16T11:51:45","guid":{"rendered":"https:\/\/www.foerster-sommer.de\/?page_id=34"},"modified":"2022-12-16T13:52:19","modified_gmt":"2022-12-16T13:52:19","slug":"startseite","status":"publish","type":"page","link":"https:\/\/www.foerster-sommer.de\/?page_id=34","title":{"rendered":"Leistungen"},"content":{"rendered":"\n<ul class=\"has-white-color has-text-color has-background\" style=\"background-color:#51655a\">\n<li>Baumkontrolle \/ Sicherheits\u00fcberpr\u00fcfung an B\u00e4umen<\/li>\n\n\n\n<li>Baumf\u00e4llung und Baumpflege<\/li>\n\n\n\n<li>Seilklettertechnik<\/li>\n\n\n\n<li>Hubsteigearbeiten<\/li>\n\n\n\n<li>Kronensicherung<\/li>\n\n\n\n<li>Sicherung und Beseitigung von Sturmsch\u00e4den<\/li>\n\n\n\n<li>Stubbenfr\u00e4sen<\/li>\n\n\n\n<li>H\u00e4ckseln und Entsorgung des Baumschnitts<\/li>\n<\/ul>\n","protected":false},"excerpt":{"rendered":"","protected":false},"author":1,"featured_media":0,"parent":0,"menu_order":0,"comment_status":"closed","ping_status":"closed","template":"","meta":{"inspiro_hide_title":false},"_links":{"self":[{"href":"https:\/\/www.foerster-sommer.de\/index.php?rest_route=\/wp\/v2\/pages\/34"}],"collection":[{"href":"https:\/\/www.foerster-sommer.de\/index.php?rest_route=\/wp\/v2\/pages"}],"about":[{"href":"https:\/\/www.foerster-sommer.de\/index.php?rest_route=\/wp\/v2\/types\/page"}],"author":[{"embeddable":true,"href":"https:\/\/www.foerster-sommer.de\/index.php?rest_route=\/wp\/v2\/users\/1"}],"replies":[{"embeddable":true,"href":"https:\/\/www.foerster-sommer.de\/index.php?rest_route=%2Fwp%2Fv2%2Fcomments&post=34"}],"version-history":[{"count":11,"href":"https:\/\/www.foerster-sommer.de\/index.php?rest_route=\/wp\/v2\/pages\/34\/revisions"}],"predecessor-version":[{"id":107,"href":"https:\/\/www.foerster-sommer.de\/index.php?rest_route=\/wp\/v2\/pages\/34\/revisions\/107"}],"wp:attachment":[{"href":"https:\/\/www.foerster-sommer.de\/index.php?rest_route=%2Fwp%2Fv2%2Fmedia&parent=34"}],"curies":[{"name":"wp","href":"https:\/\/api.w.org\/{rel}","templated":true}]}}